{"id":13299,"date":"2024-02-25T23:35:55","date_gmt":"2024-02-25T20:35:55","guid":{"rendered":"https:\/\/www.galerisanatyapim.com.tr\/?page_id=13299"},"modified":"2024-03-07T12:35:39","modified_gmt":"2024-03-07T09:35:39","slug":"2024-sergi-programi-2","status":"publish","type":"page","link":"https:\/\/www.galerisanatyapim.com.tr\/?page_id=13299","title":{"rendered":"2024 Sergi Program\u0131"},"content":{"rendered":"<section class=\"wpb-content-wrapper\"><p>[vc_row full_width=&#8221;stretch_row&#8221; css=&#8221;.vc_custom_1709804094040{background-color: #000000 !important;}&#8221;][vc_column][vc_empty_space height=&#8221;150px&#8221;][vc_custom_heading text=&#8221;2024 Sergi Program\u0131&#8221; font_container=&#8221;tag:h2|text_align:center|color:__USE_THEME_MAIN_COLOR__&#8221;][vc_empty_space height=&#8221;50px&#8221;]<style type='text\/css'>#cbpw-wrap72 {margin:0px 0px 0px 0px;}#cbpw-grid72 .cbp-l-caption-title {color:#FFFFFF;background-color:transparent;font-size:16px;font-family:Open Sans;font-weight:400;font-style:normal;line-height:21px;text-align:center;padding:0px 0px 0px 0px;margin:0px 0px 0px 0px;text-transform:none;}#cbpw-grid72 .cbp-l-caption-desc {color:#aaa;background-color:transparent;font-size:12px;font-family:Open Sans;font-weight:400;font-style:normal;line-height:16px;text-align:center;padding:0px 0px 0px 0px;margin:0px 0px 0px 0px;text-transform:none;}#cbpw-grid72 .cbp-caption-activeWrap {background-color:#282727;}#cbpw-loadMore72 .cbp-l-loadMore-link {color:#7E7B7B;background-color:transparent;border-width:1px 1px 1px 1px;border-style:solid;border-color:#DEDEDE;font-size:12px;font-family:Open Sans,sans-serif;font-weight:400;font-style:normal;line-height:34px;text-align:center;padding:0px 30px 0px 30px;margin:40px 0px 0px 0px;text-transform:none;}#cbpw-loadMore72 .cbp-l-loadMore-link:hover {color:#B0B0B0;background-color:transparent;border-width:1px 1px 1px 1px;border-style:solid;border-color:#DEDEDE;font-size:12px;font-family:Open Sans,sans-serif;font-weight:400;font-style:normal;line-height:34px;text-align:center;padding:0px 30px 0px 30px;margin:40px 0px 0px 0px;text-transform:none;}#cbpw-loadMore72 .cbp-l-loadMore-loading {color:#B0B0B0;background-color:transparent;border-width:1px 1px 1px 1px;border-style:solid;border-color:#DEDEDE;font-size:12px;font-family:Open Sans,sans-serif;font-weight:400;font-style:normal;line-height:34px;text-align:center;padding:0px 30px 0px 30px;margin:40px 0px 0px 0px;text-transform:none;}#cbpw-loadMore72 .cbp-l-loadMore-loading:hover {color:#B0B0B0;background-color:transparent;border-width:1px 1px 1px 1px;border-style:solid;border-color:#DEDEDE;font-size:12px;font-family:Open Sans,sans-serif;font-weight:400;font-style:normal;line-height:34px;text-align:center;padding:0px 30px 0px 30px;margin:40px 0px 0px 0px;text-transform:none;}#cbpw-loadMore72 .cbp-l-loadMore-stop {color:#B0B0B0;background-color:transparent;border-width:1px 1px 1px 1px;border-style:solid;border-color:#DEDEDE;font-size:12px;font-family:Open Sans,sans-serif;font-weight:400;font-style:normal;line-height:34px;text-align:center;padding:0px 30px 0px 30px;margin:40px 0px 0px 0px;text-transform:none;}#cbpw-loadMore72 .cbp-l-loadMore-stop:hover {color:#B0B0B0;background-color:transparent;border-width:1px 1px 1px 1px;border-style:solid;border-color:#DEDEDE;font-size:12px;font-family:Open Sans,sans-serif;font-weight:400;font-style:normal;line-height:34px;text-align:center;padding:0px 30px 0px 30px;margin:40px 0px 0px 0px;text-transform:none;}#cbpw-singlePage72 .cbp-popup-navigation-wrap {background-color:#34425C;}#cbpw-singlePage72 .cbp-popup-singlePage-counter {color:#bbc0df;font-size:13px;font-family:Open Sans;font-weight:400;font-style:normal;}<\/style><link rel=\"stylesheet\" href=\"\/\/fonts.googleapis.com\/css?family=Open+Sans:400normal\" type=\"text\/css\" media=\"all\" property=\"stylesheet\"><div id=\"cbpw-wrap72\"><div id=\"cbpw-grid72\" class=\"cbp-l-grid-masonry cbp\"><div><div class=\"cbp-item logo\"><a href=\"\/\/www.galerisanatyapim.com.tr\/?page_id=13660\" class=\"cbp-caption cbp-simpleLink\" data-title=\"data title\"><div class=\"cbp-caption-defaultWrap\"><img decoding=\"async\" src=\"\/\/www.galerisanatyapim.com.tr\/wp-content\/uploads\/2024\/12\/Davetiye.jpg\" alt=\"\"><\/div><div class=\"cbp-caption-activeWrap\"><div class=\"cbp-l-caption-alignCenter\"><div class=\"cbp-l-caption-body\"><div class=\"cbp-l-caption-title\">\u0130brahim \u015eafak<\/div><div class=\"cbp-l-caption-desc\">\"Karma\u015f\u0131k Anlamlar\" Resim Sergisi<\/div><\/div><\/div><\/div><\/a><\/div><div class=\"cbp-item logo\"><a href=\"\/\/www.galerisanatyapim.com.tr\/?page_id=13640\" class=\"cbp-caption cbp-simpleLink\" data-title=\"data title\"><div class=\"cbp-caption-defaultWrap\"><img decoding=\"async\" src=\"\/\/www.galerisanatyapim.com.tr\/wp-content\/uploads\/2024\/11\/Davetiye.jpg\" alt=\"\"><\/div><div class=\"cbp-caption-activeWrap\"><div class=\"cbp-l-caption-alignCenter\"><div class=\"cbp-l-caption-body\"><div class=\"cbp-l-caption-title\">Meral Fidan<\/div><div class=\"cbp-l-caption-desc\">\"ART - N\u0130YET - SiZ\" Resim Sergisi<\/div><\/div><\/div><\/div><\/a><\/div><div class=\"cbp-item logo\"><a href=\"\/\/www.galerisanatyapim.com.tr\/?page_id=13575\" class=\"cbp-caption cbp-simpleLink\" data-title=\"data title\"><div class=\"cbp-caption-defaultWrap\"><img decoding=\"async\" src=\"\/\/www.galerisanatyapim.com.tr\/wp-content\/uploads\/2024\/06\/Sanatyapim-Atolyesi-Davetiye-2024.jpg\" alt=\"\"><\/div><div class=\"cbp-caption-activeWrap\"><div class=\"cbp-l-caption-alignCenter\"><div class=\"cbp-l-caption-body\"><div class=\"cbp-l-caption-title\">Galeri Sanatyap\u0131m At\u00f6lyesi<\/div><div class=\"cbp-l-caption-desc\">Y\u0131l Sonu Sergisi<\/div><\/div><\/div><\/div><\/a><\/div><div class=\"cbp-item logo\"><a href=\"\/\/www.galerisanatyapim.com.tr\/?page_id=13303\" class=\"cbp-caption cbp-simpleLink\" data-title=\"data title\"><div class=\"cbp-caption-defaultWrap\"><img decoding=\"async\" src=\"\/\/www.galerisanatyapim.com.tr\/wp-content\/uploads\/2024\/02\/IDK_2024.png\" alt=\"\"><\/div><div class=\"cbp-caption-activeWrap\"><div class=\"cbp-l-caption-alignCenter\"><div class=\"cbp-l-caption-body\"><div class=\"cbp-l-caption-title\">\u0130brahim Demirel<\/div><div class=\"cbp-l-caption-desc\">Koleksiyon Sergisi 9<\/div><\/div><\/div><\/div><\/a><\/div><div class=\"cbp-item logo\"><a href=\"\/\/www.galerisanatyapim.com.tr\/?page_id=12915\" class=\"cbp-caption cbp-simpleLink\" data-title=\"data title\"><div class=\"cbp-caption-defaultWrap\"><img decoding=\"async\" src=\"\/\/www.galerisanatyapim.com.tr\/wp-content\/uploads\/2024\/02\/Orhan_Akyurek.png\" alt=\"\"><\/div><div class=\"cbp-caption-activeWrap\"><div class=\"cbp-l-caption-alignCenter\"><div class=\"cbp-l-caption-body\"><div class=\"cbp-l-caption-title\">Orhan Aky\u00fcrek An\u0131s\u0131na...<\/div><div class=\"cbp-l-caption-desc\">Fermanlar<\/div><\/div><\/div><\/div><\/a><\/div><\/div><\/div><\/div><script type=\"text\/javascript\">this.initCubePortfolio =  this.initCubePortfolio || []; this.initCubePortfolio.push({id: 72, options: {\"filters\":\"\",\"loadMore\":\"\",\"loadMoreAction\":\"click\",\"search\":\"\",\"layoutMode\":\"grid\",\"sortToPreventGaps\":false,\"drag\":true,\"auto\":false,\"autoTimeout\":5000,\"autoPauseOnHover\":true,\"showNavigation\":true,\"showPagination\":true,\"rewindNav\":true,\"scrollByPage\":false,\"defaultFilter\":\"*\",\"filterDeeplinking\":false,\"animationType\":\"slideLeft\",\"gridAdjustment\":\"responsive\",\"mediaQueries\":[{\"width\":1400,\"cols\":4},{\"width\":1170,\"cols\":4},{\"width\":1024,\"cols\":3},{\"width\":960,\"cols\":3},{\"width\":778,\"cols\":3},{\"width\":640,\"cols\":2},{\"width\":480,\"cols\":2}],\"gapHorizontal\":20,\"gapVertical\":20,\"caption\":\"revealTop\",\"displayType\":\"bottomToTop\",\"displayTypeSpeed\":100,\"lightboxDelegate\":\".cbp-lightbox\",\"lightboxGallery\":true,\"lightboxTitleSrc\":\"data-title\",\"lightboxCounter\":\"<div class=\\\"cbp-popup-lightbox-counter\\\">{{current}} of {{total}}<\/div>\",\"singlePageDelegate\":\".cbp-singlePage\",\"singlePageDeeplinking\":true,\"singlePageStickyNavigation\":true,\"singlePageCounter\":\"<div class=\\\"cbp-popup-singlePage-counter\\\">{{current}} of {{total}}<\/div>\",\"singlePageAnimation\":\"middle\",\"singlePageInlineDelegate\":\".cbp-singlePageInline\",\"singlePageInlineDeeplinking\":false,\"singlePageInlinePosition\":\"above\",\"singlePageInlineInFocus\":true,\"plugins\":{},\"cols\":3,\"displayItemsLoadMore\":3,\"coverRatio\":\"\"}});<\/script>[vc_empty_space height=&#8221;50px&#8221;][\/vc_column][\/vc_row]<\/p>\n<\/section>","protected":false},"excerpt":{"rendered":"<p>[vc_row full_width=&#8221;stretch_row&#8221; css=&#8221;.vc_custom_1709804094040{background-color: #000000 !important;}&#8221;][vc_column][vc_empty_space height=&#8221;150px&#8221;][vc_custom_heading text=&#8221;2024 Sergi Program\u0131&#8221; font_container=&#8221;tag:h2|text_align:center|color:__USE_THEME_MAIN_COLOR__&#8221;][vc_empty_space height=&#8221;50px&#8221;][vc_empty_space height=&#8221;50px&#8221;][\/vc_column][\/vc_row]<\/p>\n","protected":false},"author":1,"featured_media":0,"parent":0,"menu_order":0,"comment_status":"closed","ping_status":"closed","template":"page.php","meta":{"footnotes":""},"class_list":["post-13299","page","type-page","status-publish","hentry"],"_links":{"self":[{"href":"https:\/\/www.galerisanatyapim.com.tr\/index.php?rest_route=\/wp\/v2\/pages\/13299","targetHints":{"allow":["GET"]}}],"collection":[{"href":"https:\/\/www.galerisanatyapim.com.tr\/index.php?rest_route=\/wp\/v2\/pages"}],"about":[{"href":"https:\/\/www.galerisanatyapim.com.tr\/index.php?rest_route=\/wp\/v2\/types\/page"}],"author":[{"embeddable":true,"href":"https:\/\/www.galerisanatyapim.com.tr\/index.php?rest_route=\/wp\/v2\/users\/1"}],"replies":[{"embeddable":true,"href":"https:\/\/www.galerisanatyapim.com.tr\/index.php?rest_route=%2Fwp%2Fv2%2Fcomments&post=13299"}],"version-history":[{"count":4,"href":"https:\/\/www.galerisanatyapim.com.tr\/index.php?rest_route=\/wp\/v2\/pages\/13299\/revisions"}],"predecessor-version":[{"id":13541,"href":"https:\/\/www.galerisanatyapim.com.tr\/index.php?rest_route=\/wp\/v2\/pages\/13299\/revisions\/13541"}],"wp:attachment":[{"href":"https:\/\/www.galerisanatyapim.com.tr\/index.php?rest_route=%2Fwp%2Fv2%2Fmedia&parent=13299"}],"curies":[{"name":"wp","href":"https:\/\/api.w.org\/{rel}","templated":true}]}}