{"id":12969,"date":"2024-02-08T14:27:08","date_gmt":"2024-02-08T11:27:08","guid":{"rendered":"https:\/\/www.galerisanatyapim.com.tr\/?page_id=12969"},"modified":"2024-03-07T13:19:27","modified_gmt":"2024-03-07T10:19:27","slug":"yilbasi-karmasi-2023","status":"publish","type":"page","link":"https:\/\/www.galerisanatyapim.com.tr\/?page_id=12969","title":{"rendered":"Y\u0131lba\u015f\u0131 Karmas\u0131 2023"},"content":{"rendered":"<section class=\"wpb-content-wrapper\"><p>[vc_row full_width=&#8221;stretch_row&#8221; css=&#8221;.vc_custom_1709806760857{background-color: #000000 !important;}&#8221;][vc_column][vc_empty_space height=&#8221;150px&#8221;][vc_custom_heading text=&#8221;Y\u0131lba\u015f\u0131 Karmas\u0131 2023&#8243; font_container=&#8221;tag:h2|text_align:center|color:__USE_THEME_MAIN_COLOR__&#8221;][vc_empty_space height=&#8221;50px&#8221;][vc_row_inner][vc_column_inner width=&#8221;2\/5&#8243;][vc_single_image image=&#8221;12891&#8243; img_size=&#8221;full&#8221;][\/vc_column_inner][vc_column_inner width=&#8221;3\/5&#8243;]<div class=\"avt_masterslider_el \" >\n\t\t<!-- MasterSlider -->\n\t\t<div id=\"P_MS69dff2b4e94cf\" class=\"master-slider-parent ms-thumbs-template ms-parent-id-85\" style=\"\" >\n\n\t\t\t\n\t\t\t<!-- MasterSlider Main -->\n\t\t\t<div id=\"MS69dff2b4e94cf\" class=\"master-slider ms-skin-light-3\" >\n\t\t\t\t \t\t\t\t \n\n\t\t\t<div  class=\"ms-slide\" data-delay=\"3\" data-fill-mode=\"fill\"   >\n\t\t\t\t\t<img decoding=\"async\" src=\"https:\/\/www.galerisanatyapim.com.tr\/wp-content\/plugins\/masterslider\/public\/assets\/css\/blank.gif\" alt=\"\" title=\"ASUMAN_\u0130NCEAYAN_2023_01\" data-src=\"https:\/\/www.galerisanatyapim.com.tr\/wp-content\/uploads\/2024\/02\/ASUMAN_INCEAYAN_2023_01.png\" \/>\n\n\n\t<img decoding=\"async\" class=\"ms-thumb\" src=\"https:\/\/www.galerisanatyapim.com.tr\/wp-content\/uploads\/2024\/02\/ASUMAN_INCEAYAN_2023_01-100x80.png\" alt=\"\" \/>\n\t\t\t\t<\/div>\n\t\t\t<div  class=\"ms-slide\" data-delay=\"3\" data-fill-mode=\"fill\"   >\n\t\t\t\t\t<img decoding=\"async\" src=\"https:\/\/www.galerisanatyapim.com.tr\/wp-content\/plugins\/masterslider\/public\/assets\/css\/blank.gif\" alt=\"\" title=\"AYLA_AKSOYO\u011eLU_2023_01\" data-src=\"https:\/\/www.galerisanatyapim.com.tr\/wp-content\/uploads\/2024\/02\/AYLA_AKSOYOGLU_2023_01.png\" \/>\n\n\n\t<img decoding=\"async\" class=\"ms-thumb\" src=\"https:\/\/www.galerisanatyapim.com.tr\/wp-content\/uploads\/2024\/02\/AYLA_AKSOYOGLU_2023_01-100x80.png\" alt=\"\" \/>\n\t\t\t\t<\/div>\n\t\t\t<div  class=\"ms-slide\" data-delay=\"3\" data-fill-mode=\"fill\"   >\n\t\t\t\t\t<img decoding=\"async\" src=\"https:\/\/www.galerisanatyapim.com.tr\/wp-content\/plugins\/masterslider\/public\/assets\/css\/blank.gif\" alt=\"\" title=\"G\u00dcL\u0130ZAR_YAMAK_2023_01\" data-src=\"https:\/\/www.galerisanatyapim.com.tr\/wp-content\/uploads\/2024\/02\/GULIZAR_YAMAK_2023_01.png\" \/>\n\n\n\t<img decoding=\"async\" class=\"ms-thumb\" src=\"https:\/\/www.galerisanatyapim.com.tr\/wp-content\/uploads\/2024\/02\/GULIZAR_YAMAK_2023_01-100x80.png\" alt=\"\" \/>\n\t\t\t\t<\/div>\n\t\t\t<div  class=\"ms-slide\" data-delay=\"3\" data-fill-mode=\"fill\"   >\n\t\t\t\t\t<img decoding=\"async\" src=\"https:\/\/www.galerisanatyapim.com.tr\/wp-content\/plugins\/masterslider\/public\/assets\/css\/blank.gif\" alt=\"\" title=\"NEZAHAT_KUTLU_2023_01\" data-src=\"https:\/\/www.galerisanatyapim.com.tr\/wp-content\/uploads\/2024\/02\/NEZAHAT_KUTLU_2023_01.png\" \/>\n\n\n\t<img decoding=\"async\" class=\"ms-thumb\" src=\"https:\/\/www.galerisanatyapim.com.tr\/wp-content\/uploads\/2024\/02\/NEZAHAT_KUTLU_2023_01-100x80.png\" alt=\"\" \/>\n\t\t\t\t<\/div>\n\t\t\t<div  class=\"ms-slide\" data-delay=\"3\" data-fill-mode=\"fill\"   >\n\t\t\t\t\t<img decoding=\"async\" src=\"https:\/\/www.galerisanatyapim.com.tr\/wp-content\/plugins\/masterslider\/public\/assets\/css\/blank.gif\" alt=\"\" title=\"N\u0130LG\u00dcN_S\u0130PAH\u0130O\u011eLU_2023_01\" data-src=\"https:\/\/www.galerisanatyapim.com.tr\/wp-content\/uploads\/2024\/02\/NILGUN_SIPAHIOGLU_2023_01.png\" \/>\n\n\n\t<img decoding=\"async\" class=\"ms-thumb\" src=\"https:\/\/www.galerisanatyapim.com.tr\/wp-content\/uploads\/2024\/02\/NILGUN_SIPAHIOGLU_2023_01-100x80.png\" alt=\"\" \/>\n\t\t\t\t<\/div>\n\t\t\t<div  class=\"ms-slide\" data-delay=\"3\" data-fill-mode=\"fill\"   >\n\t\t\t\t\t<img decoding=\"async\" src=\"https:\/\/www.galerisanatyapim.com.tr\/wp-content\/plugins\/masterslider\/public\/assets\/css\/blank.gif\" alt=\"\" title=\"N\u0130L\u00dcFER_ATALAY_2023_01\" data-src=\"https:\/\/www.galerisanatyapim.com.tr\/wp-content\/uploads\/2024\/02\/NILUFER_ATALAY_2023_01.png\" \/>\n\n\n\t<img decoding=\"async\" class=\"ms-thumb\" src=\"https:\/\/www.galerisanatyapim.com.tr\/wp-content\/uploads\/2024\/02\/NILUFER_ATALAY_2023_01-100x80.png\" alt=\"\" \/>\n\t\t\t\t<\/div>\n\t\t\t<div  class=\"ms-slide\" data-delay=\"3\" data-fill-mode=\"fill\"   >\n\t\t\t\t\t<img decoding=\"async\" src=\"https:\/\/www.galerisanatyapim.com.tr\/wp-content\/plugins\/masterslider\/public\/assets\/css\/blank.gif\" alt=\"\" title=\"N\u0130L\u00dcFER_ATALAY_2023_02\" data-src=\"https:\/\/www.galerisanatyapim.com.tr\/wp-content\/uploads\/2024\/02\/NILUFER_ATALAY_2023_02.png\" \/>\n\n\n\t<img decoding=\"async\" class=\"ms-thumb\" src=\"https:\/\/www.galerisanatyapim.com.tr\/wp-content\/uploads\/2024\/02\/NILUFER_ATALAY_2023_02-100x80.png\" alt=\"\" \/>\n\t\t\t\t<\/div>\n\t\t\t<div  class=\"ms-slide\" data-delay=\"3\" data-fill-mode=\"fill\"   >\n\t\t\t\t\t<img decoding=\"async\" src=\"https:\/\/www.galerisanatyapim.com.tr\/wp-content\/plugins\/masterslider\/public\/assets\/css\/blank.gif\" alt=\"\" title=\"\u00d6ZGE_G\u00d6KBULUT_2023_01\" data-src=\"https:\/\/www.galerisanatyapim.com.tr\/wp-content\/uploads\/2024\/02\/OZGE_GOKBULUT_2023_01.png\" \/>\n\n\n\t<img decoding=\"async\" class=\"ms-thumb\" src=\"https:\/\/www.galerisanatyapim.com.tr\/wp-content\/uploads\/2024\/02\/OZGE_GOKBULUT_2023_01-100x80.png\" alt=\"\" \/>\n\t\t\t\t<\/div>\n\t\t\t<div  class=\"ms-slide\" data-delay=\"3\" data-fill-mode=\"fill\"   >\n\t\t\t\t\t<img decoding=\"async\" src=\"https:\/\/www.galerisanatyapim.com.tr\/wp-content\/plugins\/masterslider\/public\/assets\/css\/blank.gif\" alt=\"\" title=\"SEMA_SANAL_2023_01\" data-src=\"https:\/\/www.galerisanatyapim.com.tr\/wp-content\/uploads\/2024\/02\/SEMA_SANAL_2023_01.png\" \/>\n\n\n\t<img decoding=\"async\" class=\"ms-thumb\" src=\"https:\/\/www.galerisanatyapim.com.tr\/wp-content\/uploads\/2024\/02\/SEMA_SANAL_2023_01-100x80.png\" alt=\"\" \/>\n\t\t\t\t<\/div>\n\t\t\t<div  class=\"ms-slide\" data-delay=\"3\" data-fill-mode=\"fill\"   >\n\t\t\t\t\t<img decoding=\"async\" src=\"https:\/\/www.galerisanatyapim.com.tr\/wp-content\/plugins\/masterslider\/public\/assets\/css\/blank.gif\" alt=\"\" title=\"SEMA_SANAL_2023_02\" data-src=\"https:\/\/www.galerisanatyapim.com.tr\/wp-content\/uploads\/2024\/02\/SEMA_SANAL_2023_02.png\" \/>\n\n\n\t<img decoding=\"async\" class=\"ms-thumb\" src=\"https:\/\/www.galerisanatyapim.com.tr\/wp-content\/uploads\/2024\/02\/SEMA_SANAL_2023_02-100x80.png\" alt=\"\" \/>\n\t\t\t\t<\/div>\n\t\t\t<div  class=\"ms-slide\" data-delay=\"3\" data-fill-mode=\"fill\"   >\n\t\t\t\t\t<img decoding=\"async\" src=\"https:\/\/www.galerisanatyapim.com.tr\/wp-content\/plugins\/masterslider\/public\/assets\/css\/blank.gif\" alt=\"\" title=\"SEMA_SANAL_2023_03\" data-src=\"https:\/\/www.galerisanatyapim.com.tr\/wp-content\/uploads\/2024\/02\/SEMA_SANAL_2023_03.png\" \/>\n\n\n\t<img decoding=\"async\" class=\"ms-thumb\" src=\"https:\/\/www.galerisanatyapim.com.tr\/wp-content\/uploads\/2024\/02\/SEMA_SANAL_2023_03-100x80.png\" alt=\"\" \/>\n\t\t\t\t<\/div>\n\t\t\t<div  class=\"ms-slide\" data-delay=\"3\" data-fill-mode=\"fill\"   >\n\t\t\t\t\t<img decoding=\"async\" src=\"https:\/\/www.galerisanatyapim.com.tr\/wp-content\/plugins\/masterslider\/public\/assets\/css\/blank.gif\" alt=\"\" title=\"S\u0130NEM_\u00d6NEY_2023_01\" data-src=\"https:\/\/www.galerisanatyapim.com.tr\/wp-content\/uploads\/2024\/02\/SINEM_ONEY_2023_01.png\" \/>\n\n\n\t<img decoding=\"async\" class=\"ms-thumb\" src=\"https:\/\/www.galerisanatyapim.com.tr\/wp-content\/uploads\/2024\/02\/SINEM_ONEY_2023_01-100x80.png\" alt=\"\" \/>\n\t\t\t\t<\/div>\n\t\t\t<div  class=\"ms-slide\" data-delay=\"3\" data-fill-mode=\"fill\"   >\n\t\t\t\t\t<img decoding=\"async\" src=\"https:\/\/www.galerisanatyapim.com.tr\/wp-content\/plugins\/masterslider\/public\/assets\/css\/blank.gif\" alt=\"\" title=\"\u015e\u00dcKRAN_ERSOY_2023_01\" data-src=\"https:\/\/www.galerisanatyapim.com.tr\/wp-content\/uploads\/2024\/02\/SUKRAN_ERSOY_2023_01.png\" \/>\n\n\n\t<img decoding=\"async\" class=\"ms-thumb\" src=\"https:\/\/www.galerisanatyapim.com.tr\/wp-content\/uploads\/2024\/02\/SUKRAN_ERSOY_2023_01-100x80.png\" alt=\"\" \/>\n\t\t\t\t<\/div>\n\n\t\t\t<\/div>\n\t\t\t<!-- END MasterSlider Main -->\n\n\t\t\t \n\t\t<\/div>\n\t\t<!-- END MasterSlider -->\n\n\t\t<script>\n\t\t( window.MSReady = window.MSReady || [] ).push( function( $ ) {\n\n\t\t\t\"use strict\";\n\t\t\tvar masterslider_94cf = new MasterSlider();\n\n\t\t\t\/\/ slider controls\n\t\t\tmasterslider_94cf.control('arrows'     ,{ autohide:true, overVideo:true  });\n\t\t\tmasterslider_94cf.control('thumblist'  ,{ autohide:false, overVideo:true, dir:'v', speed:17, inset:false, arrows:false, hover:false, customClass:'', align:'right',type:'thumbs', margin:5, width:100, height:80, space:5, fillMode:'fill'  });\n\t\t\tmasterslider_94cf.control('scrollbar'  ,{ autohide:false, overVideo:true, dir:'h', inset:true, align:'top', color:'#3D3D3D' , margin:10  , width:4 });\n\t\t\t\/\/ slider setup\n\t\t\tmasterslider_94cf.setup(\"MS69dff2b4e94cf\", {\n\t\t\t\twidth           : 500,\n\t\t\t\theight          : 586,\n\t\t\t\tminHeight       : 0,\n\t\t\t\tspace           : 0,\n\t\t\t\tstart           : 1,\n\t\t\t\tgrabCursor      : true,\n\t\t\t\tswipe           : true,\n\t\t\t\tmouse           : true,\n\t\t\t\tkeyboard        : false,\n\t\t\t\tlayout          : \"fillwidth\",\n\t\t\t\twheel           : false,\n\t\t\t\tautoplay        : true,\n                instantStartLayers:false,\n\t\t\t\tmobileBGVideo:false,\n\t\t\t\tloop            : false,\n\t\t\t\tshuffle         : false,\n\t\t\t\tpreload         : 2,\n\t\t\t\theightLimit     : true,\n\t\t\t\tautoHeight      : false,\n\t\t\t\tsmoothHeight    : true,\n\t\t\t\tendPause        : false,\n\t\t\t\toverPause       : true,\n\t\t\t\tfillMode        : \"fill\",\n\t\t\t\tcenterControls  : false,\n\t\t\t\tstartOnAppear   : false,\n\t\t\t\tlayersMode      : \"center\",\n\t\t\t\tautofillTarget  : \"\",\n\t\t\t\thideLayers      : false,\n\t\t\t\tfullscreenMargin: 0,\n\t\t\t\tspeed           : 20,\n\t\t\t\tdir             : \"h\",\n\t\t\t\tresponsive      : true,\n\t\t\t\ttabletWidth     : 768,\n\t\t\t\ttabletHeight    : null,\n\t\t\t\tphoneWidth      : 480,\n\t\t\t\tphoneHeight    : null,\n\t\t\t\tsizingReference : window,\n\t\t\t\tparallaxMode    : 'swipe',\n\t\t\t\tview            : \"basic\"\n\t\t\t});\n\n\t\t\t\n\t\t\twindow.masterslider_instances = window.masterslider_instances || [];\n\t\t\twindow.masterslider_instances.push( masterslider_94cf );\n\t\t});\n\t\t<\/script>\n\n<\/div>[\/vc_column_inner][\/vc_row_inner][vc_empty_space height=&#8221;50px&#8221;][\/vc_column][\/vc_row]<\/p>\n<\/section>","protected":false},"excerpt":{"rendered":"<p>[vc_row full_width=&#8221;stretch_row&#8221; css=&#8221;.vc_custom_1709806760857{background-color: #000000 !important;}&#8221;][vc_column][vc_empty_space height=&#8221;150px&#8221;][vc_custom_heading text=&#8221;Y\u0131lba\u015f\u0131 Karmas\u0131 2023&#8243; font_container=&#8221;tag:h2|text_align:center|color:__USE_THEME_MAIN_COLOR__&#8221;][vc_empty_space height=&#8221;50px&#8221;][vc_row_inner][vc_column_inner width=&#8221;2\/5&#8243;][vc_single_image image=&#8221;12891&#8243; img_size=&#8221;full&#8221;][\/vc_column_inner][vc_column_inner width=&#8221;3\/5&#8243;][\/vc_column_inner][\/vc_row_inner][vc_empty_space height=&#8221;50px&#8221;][\/vc_column][\/vc_row]<\/p>\n","protected":false},"author":1,"featured_media":0,"parent":0,"menu_order":0,"comment_status":"closed","ping_status":"closed","template":"page.php","meta":{"footnotes":""},"class_list":["post-12969","page","type-page","status-publish","hentry"],"_links":{"self":[{"href":"https:\/\/www.galerisanatyapim.com.tr\/index.php?rest_route=\/wp\/v2\/pages\/12969","targetHints":{"allow":["GET"]}}],"collection":[{"href":"https:\/\/www.galerisanatyapim.com.tr\/index.php?rest_route=\/wp\/v2\/pages"}],"about":[{"href":"https:\/\/www.galerisanatyapim.com.tr\/index.php?rest_route=\/wp\/v2\/types\/page"}],"author":[{"embeddable":true,"href":"https:\/\/www.galerisanatyapim.com.tr\/index.php?rest_route=\/wp\/v2\/users\/1"}],"replies":[{"embeddable":true,"href":"https:\/\/www.galerisanatyapim.com.tr\/index.php?rest_route=%2Fwp%2Fv2%2Fcomments&post=12969"}],"version-history":[{"count":3,"href":"https:\/\/www.galerisanatyapim.com.tr\/index.php?rest_route=\/wp\/v2\/pages\/12969\/revisions"}],"predecessor-version":[{"id":13560,"href":"https:\/\/www.galerisanatyapim.com.tr\/index.php?rest_route=\/wp\/v2\/pages\/12969\/revisions\/13560"}],"wp:attachment":[{"href":"https:\/\/www.galerisanatyapim.com.tr\/index.php?rest_route=%2Fwp%2Fv2%2Fmedia&parent=12969"}],"curies":[{"name":"wp","href":"https:\/\/api.w.org\/{rel}","templated":true}]}}