{"id":11694,"date":"2024-01-24T09:51:34","date_gmt":"2024-01-24T06:51:34","guid":{"rendered":"https:\/\/www.galerisanatyapim.com.tr\/?page_id=11694"},"modified":"2024-03-05T12:20:01","modified_gmt":"2024-03-05T09:20:01","slug":"sergi-kataloglari","status":"publish","type":"page","link":"https:\/\/www.galerisanatyapim.com.tr\/?page_id=11694","title":{"rendered":"Yay\u0131nlar\u0131"},"content":{"rendered":"<section class=\"wpb-content-wrapper\"><p>[vc_row full_width=&#8221;stretch_row&#8221; css=&#8221;.vc_custom_1709544151718{background-color: #0c0c0c !important;}&#8221;][vc_column][vc_empty_space height=&#8221;150px&#8221;][vc_custom_heading text=&#8221;\u0130brahim Demirel&#8217;in Yay\u0131nlar\u0131&#8221; font_container=&#8221;tag:h2|text_align:center|color:__USE_THEME_MAIN_COLOR__&#8221; google_fonts=&#8221;font_family:Actor%3Aregular|font_style:400%20regular%3A400%3Anormal&#8221;][vc_empty_space height=&#8221;50px&#8221;]<style type='text\/css'>#cbpw-wrap59 {margin:0px 20px 20px 0px;}#cbpw-grid59 .cbp-l-caption-title {color:#f7f7f7;background-color:transparent;font-size:16px;font-family:Nunito,Arial;font-weight:700;font-style:normal;line-height:21px;text-align:center;padding:0px 0px 0px 0px;margin:0px 0px 0px 0px;text-transform:uppercase;}#cbpw-grid59 .cbp-l-caption-desc {color:#aaa;background-color:transparent;font-size:14px;font-family:Open Sans;font-weight:400;font-style:normal;line-height:16px;text-align:center;padding:0px 0px 0px 0px;margin:0px 0px 0px 0px;text-transform:none;}#cbpw-grid59 .cbp-caption-activeWrap {background-color:rgba(0, 0, 0,0.95);}#cbpw-loadMore59 .cbp-l-loadMore-link {color:#7E7B7B;background-color:transparent;border-width:1px 1px 1px 1px;border-style:solid;border-color:#DEDEDE;font-size:12px;font-family:Open Sans,sans-serif;font-weight:400;font-style:normal;line-height:34px;text-align:center;padding:0px 30px 0px 30px;margin:40px 0px 0px 0px;text-transform:none;}#cbpw-loadMore59 .cbp-l-loadMore-link:hover {color:#B0B0B0;background-color:transparent;border-width:1px 1px 1px 1px;border-style:solid;border-color:#DEDEDE;font-size:12px;font-family:Open Sans,sans-serif;font-weight:400;font-style:normal;line-height:34px;text-align:center;padding:0px 30px 0px 30px;margin:40px 0px 0px 0px;text-transform:none;}#cbpw-loadMore59 .cbp-l-loadMore-loading {color:#B0B0B0;background-color:transparent;border-width:1px 1px 1px 1px;border-style:solid;border-color:#DEDEDE;font-size:12px;font-family:Open Sans,sans-serif;font-weight:400;font-style:normal;line-height:34px;text-align:center;padding:0px 30px 0px 30px;margin:40px 0px 0px 0px;text-transform:none;}#cbpw-loadMore59 .cbp-l-loadMore-loading:hover {color:#B0B0B0;background-color:transparent;border-width:1px 1px 1px 1px;border-style:solid;border-color:#DEDEDE;font-size:12px;font-family:Open Sans,sans-serif;font-weight:400;font-style:normal;line-height:34px;text-align:center;padding:0px 30px 0px 30px;margin:40px 0px 0px 0px;text-transform:none;}#cbpw-loadMore59 .cbp-l-loadMore-stop {color:#B0B0B0;background-color:transparent;border-width:1px 1px 1px 1px;border-style:solid;border-color:#DEDEDE;font-size:12px;font-family:Open Sans,sans-serif;font-weight:400;font-style:normal;line-height:34px;text-align:center;padding:0px 30px 0px 30px;margin:40px 0px 0px 0px;text-transform:none;}#cbpw-loadMore59 .cbp-l-loadMore-stop:hover {color:#B0B0B0;background-color:transparent;border-width:1px 1px 1px 1px;border-style:solid;border-color:#DEDEDE;font-size:12px;font-family:Open Sans,sans-serif;font-weight:400;font-style:normal;line-height:34px;text-align:center;padding:0px 30px 0px 30px;margin:40px 0px 0px 0px;text-transform:none;}#cbpw-singlePage59 .cbp-popup-navigation-wrap {background-color:#34425C;}#cbpw-singlePage59 .cbp-popup-singlePage-counter {color:#bbc0df;font-size:28px;font-family:Open Sans;font-weight:400;font-style:normal;}<\/style><link rel=\"stylesheet\" href=\"\/\/fonts.googleapis.com\/css?family=Nunito:700normal\" type=\"text\/css\" media=\"all\" property=\"stylesheet\"><link rel=\"stylesheet\" href=\"\/\/fonts.googleapis.com\/css?family=Open+Sans:400normal\" type=\"text\/css\" media=\"all\" property=\"stylesheet\"><div id=\"cbpw-wrap59\"><div id=\"cbpw-grid59\" class=\"cbp-l-grid-masonry cbp\"><div><div class=\"cbp-item logo\"><a href=\"\/\/www.galerisanatyapim.com.tr\/wp-content\/uploads\/2024\/01\/Ibrahim_Demirel_Siirin_Yuzleri.png\" class=\"cbp-caption cbp-lightbox\" style=\"\"><div class=\"cbp-caption-defaultWrap\"><img decoding=\"async\" src=\"\/\/www.galerisanatyapim.com.tr\/wp-content\/uploads\/2024\/01\/Ibrahim_Demirel_Siirin_Yuzleri.png\" alt=\"\"><\/div><div class=\"cbp-caption-activeWrap\"><div class=\"cbp-l-caption-alignCenter\"><div class=\"cbp-l-caption-body\"><div class=\"cbp-l-caption-title\">\u0130brahim Demirel<\/div><div class=\"cbp-l-caption-desc\">\u015eiirin Y\u00fczleri Ankara - 2021<\/div><\/div><\/div><\/div><\/a><\/div><div class=\"cbp-item logo\"><a href=\"\/\/www.galerisanatyapim.com.tr\/wp-content\/uploads\/2024\/01\/id_Ataturkten_sonra.png\" class=\"cbp-caption cbp-lightbox\" style=\"\"><div class=\"cbp-caption-defaultWrap\"><img decoding=\"async\" src=\"\/\/www.galerisanatyapim.com.tr\/wp-content\/uploads\/2024\/01\/id_Ataturkten_sonra.png\" alt=\"\"><\/div><div class=\"cbp-caption-activeWrap\"><div class=\"cbp-l-caption-alignCenter\"><div class=\"cbp-l-caption-body\"><div class=\"cbp-l-caption-title\">\u0130brahim Demirel<\/div><div class=\"cbp-l-caption-desc\">Atat\u00fcrk'ten Sonra<\/div><\/div><\/div><\/div><\/a><\/div><div class=\"cbp-item logo\"><a href=\"\/\/www.galerisanatyapim.com.tr\/wp-content\/uploads\/2024\/01\/Ibrahim_Demirel_Beyaz.png\" class=\"cbp-caption cbp-lightbox\" style=\"\"><div class=\"cbp-caption-defaultWrap\"><img decoding=\"async\" src=\"\/\/www.galerisanatyapim.com.tr\/wp-content\/uploads\/2024\/01\/Ibrahim_Demirel_Beyaz.png\" alt=\"\"><\/div><div class=\"cbp-caption-activeWrap\"><div class=\"cbp-l-caption-alignCenter\"><div class=\"cbp-l-caption-body\"><div class=\"cbp-l-caption-title\">\u0130brahim Demirel<\/div><div class=\"cbp-l-caption-desc\">Beyaz - 2013<\/div><\/div><\/div><\/div><\/a><\/div><div class=\"cbp-item logo\"><a href=\"\/\/www.galerisanatyapim.com.tr\/wp-content\/uploads\/2024\/01\/Onder_Senyapili_1Yuz_300Yorun.png\" class=\"cbp-caption cbp-lightbox\" style=\"\"><div class=\"cbp-caption-defaultWrap\"><img decoding=\"async\" src=\"\/\/www.galerisanatyapim.com.tr\/wp-content\/uploads\/2024\/01\/Onder_Senyapili_1Yuz_300Yorun.png\" alt=\"\"><\/div><div class=\"cbp-caption-activeWrap\"><div class=\"cbp-l-caption-alignCenter\"><div class=\"cbp-l-caption-body\"><div class=\"cbp-l-caption-title\">Sanat\u00e7\u0131lardan \u0130brahim Demirel Portreleri<\/div><div class=\"cbp-l-caption-desc\">1 Y\u00fcz, 300 Yorum - 2012<\/div><\/div><\/div><\/div><\/a><\/div><div class=\"cbp-item logo\"><a href=\"\/\/www.galerisanatyapim.com.tr\/wp-content\/uploads\/2024\/01\/Ibrahim_Demirel_Pencereler.png\" class=\"cbp-caption cbp-lightbox\" style=\"\"><div class=\"cbp-caption-defaultWrap\"><img decoding=\"async\" src=\"\/\/www.galerisanatyapim.com.tr\/wp-content\/uploads\/2024\/01\/Ibrahim_Demirel_Pencereler.png\" alt=\"\"><\/div><div class=\"cbp-caption-activeWrap\"><div class=\"cbp-l-caption-alignCenter\"><div class=\"cbp-l-caption-body\"><div class=\"cbp-l-caption-title\">\u0130brahim Demirel<\/div><div class=\"cbp-l-caption-desc\">Pencereler - 2010<\/div><\/div><\/div><\/div><\/a><\/div><div class=\"cbp-item logo\"><a href=\"\/\/www.galerisanatyapim.com.tr\/wp-content\/uploads\/2024\/01\/id_misira_yolculuk.png\" class=\"cbp-caption cbp-lightbox\" style=\"\"><div class=\"cbp-caption-defaultWrap\"><img decoding=\"async\" src=\"\/\/www.galerisanatyapim.com.tr\/wp-content\/uploads\/2024\/01\/id_misira_yolculuk.png\" alt=\"\"><\/div><div class=\"cbp-caption-activeWrap\"><div class=\"cbp-l-caption-alignCenter\"><div class=\"cbp-l-caption-body\"><div class=\"cbp-l-caption-title\">\u0130brahim Demirel<\/div><div class=\"cbp-l-caption-desc\">M\u0131s\u0131r'a Yolculuk<\/div><\/div><\/div><\/div><\/a><\/div><div class=\"cbp-item logo\"><a href=\"\/\/www.galerisanatyapim.com.tr\/wp-content\/uploads\/2024\/01\/Ibrahim_Demirel_Yemen.png\" class=\"cbp-caption cbp-lightbox\" style=\"\"><div class=\"cbp-caption-defaultWrap\"><img decoding=\"async\" src=\"\/\/www.galerisanatyapim.com.tr\/wp-content\/uploads\/2024\/01\/Ibrahim_Demirel_Yemen.png\" alt=\"\"><\/div><div class=\"cbp-caption-activeWrap\"><div class=\"cbp-l-caption-alignCenter\"><div class=\"cbp-l-caption-body\"><div class=\"cbp-l-caption-title\">\u0130brahim Demirel<\/div><div class=\"cbp-l-caption-desc\">Zaman\u0131n Durdu\u011fu \u00dclke \"YEMEN\" - 2010<\/div><\/div><\/div><\/div><\/a><\/div><div class=\"cbp-item logo\"><a href=\"\/\/www.galerisanatyapim.com.tr\/wp-content\/uploads\/2024\/01\/id_moldova.png\" class=\"cbp-caption cbp-lightbox\" style=\"\"><div class=\"cbp-caption-defaultWrap\"><img decoding=\"async\" src=\"\/\/www.galerisanatyapim.com.tr\/wp-content\/uploads\/2024\/01\/id_moldova.png\" alt=\"\"><\/div><div class=\"cbp-caption-activeWrap\"><div class=\"cbp-l-caption-alignCenter\"><div class=\"cbp-l-caption-body\"><div class=\"cbp-l-caption-title\">\u0130brahim Demirel<\/div><div class=\"cbp-l-caption-desc\">Moldova<\/div><\/div><\/div><\/div><\/a><\/div><div class=\"cbp-item logo\"><a href=\"\/\/www.galerisanatyapim.com.tr\/wp-content\/uploads\/2024\/01\/id_sinemamizin_200_yuzu.png\" class=\"cbp-caption cbp-lightbox\" style=\"\"><div class=\"cbp-caption-defaultWrap\"><img decoding=\"async\" src=\"\/\/www.galerisanatyapim.com.tr\/wp-content\/uploads\/2024\/01\/id_sinemamizin_200_yuzu.png\" alt=\"\"><\/div><div class=\"cbp-caption-activeWrap\"><div class=\"cbp-l-caption-alignCenter\"><div class=\"cbp-l-caption-body\"><div class=\"cbp-l-caption-title\">\u0130brahim Demirel<\/div><div class=\"cbp-l-caption-desc\">Sinemam\u0131z\u0131n 200 Y\u00fcz\u00fc<\/div><\/div><\/div><\/div><\/a><\/div><div class=\"cbp-item logo\"><a href=\"\/\/www.galerisanatyapim.com.tr\/wp-content\/uploads\/2024\/01\/Ibrahim_Demirel_Kinik.png\" class=\"cbp-caption cbp-lightbox\" style=\"\"><div class=\"cbp-caption-defaultWrap\"><img decoding=\"async\" src=\"\/\/www.galerisanatyapim.com.tr\/wp-content\/uploads\/2024\/01\/Ibrahim_Demirel_Kinik.png\" alt=\"\"><\/div><div class=\"cbp-caption-activeWrap\"><div class=\"cbp-l-caption-alignCenter\"><div class=\"cbp-l-caption-body\"><div class=\"cbp-l-caption-title\">\u0130brahim Demirel<\/div><div class=\"cbp-l-caption-desc\">\u00c7amurla Dans \"KINIK\" - 2010<\/div><\/div><\/div><\/div><\/a><\/div><div class=\"cbp-item logo\"><a href=\"\/\/www.galerisanatyapim.com.tr\/wp-content\/uploads\/2024\/01\/Ibrahim_Demirel_Erenlerin_Izinden.png\" class=\"cbp-caption cbp-lightbox\" style=\"\"><div class=\"cbp-caption-defaultWrap\"><img decoding=\"async\" src=\"\/\/www.galerisanatyapim.com.tr\/wp-content\/uploads\/2024\/01\/Ibrahim_Demirel_Erenlerin_Izinden.png\" alt=\"\"><\/div><div class=\"cbp-caption-activeWrap\"><div class=\"cbp-l-caption-alignCenter\"><div class=\"cbp-l-caption-body\"><div class=\"cbp-l-caption-title\">\u0130brahim Demirel<\/div><div class=\"cbp-l-caption-desc\">Erenlerin \u0130zinden  - 2009<\/div><\/div><\/div><\/div><\/a><\/div><div class=\"cbp-item logo\"><a href=\"\/\/www.galerisanatyapim.com.tr\/wp-content\/uploads\/2024\/01\/Ibrahim_Demirel_Anadoludan_Canlar_Pazari.png\" class=\"cbp-caption cbp-lightbox\" style=\"\"><div class=\"cbp-caption-defaultWrap\"><img decoding=\"async\" src=\"\/\/www.galerisanatyapim.com.tr\/wp-content\/uploads\/2024\/01\/Ibrahim_Demirel_Anadoludan_Canlar_Pazari.png\" alt=\"\"><\/div><div class=\"cbp-caption-activeWrap\"><div class=\"cbp-l-caption-alignCenter\"><div class=\"cbp-l-caption-body\"><div class=\"cbp-l-caption-title\">\u0130brahim Demirel<\/div><div class=\"cbp-l-caption-desc\">Anadolu\u2019dan Canlar Pazar\u0131 - 2008<\/div><\/div><\/div><\/div><\/a><\/div><div class=\"cbp-item logo\"><a href=\"\/\/www.galerisanatyapim.com.tr\/wp-content\/uploads\/2024\/01\/Ibrahim_Demirel_Anadoluyum_Ben.png\" class=\"cbp-caption cbp-lightbox\" style=\"\"><div class=\"cbp-caption-defaultWrap\"><img decoding=\"async\" src=\"\/\/www.galerisanatyapim.com.tr\/wp-content\/uploads\/2024\/01\/Ibrahim_Demirel_Anadoluyum_Ben.png\" alt=\"\"><\/div><div class=\"cbp-caption-activeWrap\"><div class=\"cbp-l-caption-alignCenter\"><div class=\"cbp-l-caption-body\"><div class=\"cbp-l-caption-title\">\u0130brahim Demirel<\/div><div class=\"cbp-l-caption-desc\">Anadolu'yum Ben - 2008<\/div><\/div><\/div><\/div><\/a><\/div><div class=\"cbp-item logo\"><a href=\"\/\/www.galerisanatyapim.com.tr\/wp-content\/uploads\/2024\/01\/Ibrahim_Demirel_Toprak_Ana.png\" class=\"cbp-caption cbp-lightbox\" style=\"\"><div class=\"cbp-caption-defaultWrap\"><img decoding=\"async\" src=\"\/\/www.galerisanatyapim.com.tr\/wp-content\/uploads\/2024\/01\/Ibrahim_Demirel_Toprak_Ana.png\" alt=\"\"><\/div><div class=\"cbp-caption-activeWrap\"><div class=\"cbp-l-caption-alignCenter\"><div class=\"cbp-l-caption-body\"><div class=\"cbp-l-caption-title\">\u0130brahim Demirel<\/div><div class=\"cbp-l-caption-desc\">Toprak Ana  - 2008<\/div><\/div><\/div><\/div><\/a><\/div><div class=\"cbp-item logo\"><a href=\"\/\/www.galerisanatyapim.com.tr\/wp-content\/uploads\/2024\/01\/Ibrahim_Demirel_Yalniz_Ama_Ozgur.png\" class=\"cbp-caption cbp-lightbox\" style=\"\"><div class=\"cbp-caption-defaultWrap\"><img decoding=\"async\" src=\"\/\/www.galerisanatyapim.com.tr\/wp-content\/uploads\/2024\/01\/Ibrahim_Demirel_Yalniz_Ama_Ozgur.png\" alt=\"\"><\/div><div class=\"cbp-caption-activeWrap\"><div class=\"cbp-l-caption-alignCenter\"><div class=\"cbp-l-caption-body\"><div class=\"cbp-l-caption-title\">\u0130brahim Demirel<\/div><div class=\"cbp-l-caption-desc\">Tek A\u011fa\u00e7lar - 2008<\/div><\/div><\/div><\/div><\/a><\/div><div class=\"cbp-item logo\"><a href=\"\/\/www.galerisanatyapim.com.tr\/wp-content\/uploads\/2024\/01\/Ibrahim_Demirel_Doku_Ritim.png\" class=\"cbp-caption cbp-lightbox\" style=\"\"><div class=\"cbp-caption-defaultWrap\"><img decoding=\"async\" src=\"\/\/www.galerisanatyapim.com.tr\/wp-content\/uploads\/2024\/01\/Ibrahim_Demirel_Doku_Ritim.png\" alt=\"\"><\/div><div class=\"cbp-caption-activeWrap\"><div class=\"cbp-l-caption-alignCenter\"><div class=\"cbp-l-caption-body\"><div class=\"cbp-l-caption-title\">\u0130brahim Demirel<\/div><div class=\"cbp-l-caption-desc\">Doku ve Ritim - 2008<\/div><\/div><\/div><\/div><\/a><\/div><div class=\"cbp-item logo\"><a href=\"\/\/www.galerisanatyapim.com.tr\/wp-content\/uploads\/2024\/01\/Ibrahim_Demirel_Islak_Aynadan.png\" class=\"cbp-caption cbp-lightbox\" style=\"\"><div class=\"cbp-caption-defaultWrap\"><img decoding=\"async\" src=\"\/\/www.galerisanatyapim.com.tr\/wp-content\/uploads\/2024\/01\/Ibrahim_Demirel_Islak_Aynadan.png\" alt=\"\"><\/div><div class=\"cbp-caption-activeWrap\"><div class=\"cbp-l-caption-alignCenter\"><div class=\"cbp-l-caption-body\"><div class=\"cbp-l-caption-title\">\u0130brahim Demirel<\/div><div class=\"cbp-l-caption-desc\">Islak Aynadan - 2007<\/div><\/div><\/div><\/div><\/a><\/div><div class=\"cbp-item logo\"><a href=\"\/\/www.galerisanatyapim.com.tr\/wp-content\/uploads\/2024\/01\/id_Turk_fotografcilari_kutuphanesi.png\" class=\"cbp-caption cbp-lightbox\" style=\"\"><div class=\"cbp-caption-defaultWrap\"><img decoding=\"async\" src=\"\/\/www.galerisanatyapim.com.tr\/wp-content\/uploads\/2024\/01\/id_Turk_fotografcilari_kutuphanesi.png\" alt=\"\"><\/div><div class=\"cbp-caption-activeWrap\"><div class=\"cbp-l-caption-alignCenter\"><div class=\"cbp-l-caption-body\"><div class=\"cbp-l-caption-title\">\u0130brahim Demirel<\/div><div class=\"cbp-l-caption-desc\">T\u00fcrk Foto\u011fraf\u00e7\u0131lar\u0131 K\u00fct\u00fcphanesi<\/div><\/div><\/div><\/div><\/a><\/div><div class=\"cbp-item logo\"><a href=\"\/\/www.galerisanatyapim.com.tr\/wp-content\/uploads\/2024\/01\/Ibrahim_Demirel_Kirk.png\" class=\"cbp-caption cbp-simpleLink\" style=\"\"><div class=\"cbp-caption-defaultWrap\"><img decoding=\"async\" src=\"\/\/www.galerisanatyapim.com.tr\/wp-content\/uploads\/2024\/01\/Ibrahim_Demirel_Kirk.png\" alt=\"\"><\/div><div class=\"cbp-caption-activeWrap\"><div class=\"cbp-l-caption-alignCenter\"><div class=\"cbp-l-caption-body\"><div class=\"cbp-l-caption-title\">\u0130brahim Demirel<\/div><div class=\"cbp-l-caption-desc\">K\u0131rk<\/div><\/div><\/div><\/div><\/a><\/div><div class=\"cbp-item logo\"><a href=\"\/\/www.galerisanatyapim.com.tr\/wp-content\/uploads\/2024\/01\/Ibrahim_Demirel_Kurban.png\" class=\"cbp-caption cbp-lightbox\" style=\"\"><div class=\"cbp-caption-defaultWrap\"><img decoding=\"async\" src=\"\/\/www.galerisanatyapim.com.tr\/wp-content\/uploads\/2024\/01\/Ibrahim_Demirel_Kurban.png\" alt=\"\"><\/div><div class=\"cbp-caption-activeWrap\"><div class=\"cbp-l-caption-alignCenter\"><div class=\"cbp-l-caption-body\"><div class=\"cbp-l-caption-title\">\u0130brahim Demirel<\/div><div class=\"cbp-l-caption-desc\">Kurban - 2006<\/div><\/div><\/div><\/div><\/a><\/div><div class=\"cbp-item logo\"><a href=\"\/\/www.galerisanatyapim.com.tr\/wp-content\/uploads\/2024\/01\/id.png\" class=\"cbp-caption cbp-lightbox\" style=\"\"><div class=\"cbp-caption-defaultWrap\"><img decoding=\"async\" src=\"\/\/www.galerisanatyapim.com.tr\/wp-content\/uploads\/2024\/01\/id.png\" alt=\"\"><\/div><div class=\"cbp-caption-activeWrap\"><div class=\"cbp-l-caption-alignCenter\"><div class=\"cbp-l-caption-body\"><div class=\"cbp-l-caption-title\">\u0130brahim Demirel<\/div><div class=\"cbp-l-caption-desc\">2001<\/div><\/div><\/div><\/div><\/a><\/div><div class=\"cbp-item logo\"><a href=\"\/\/www.galerisanatyapim.com.tr\/wp-content\/uploads\/2024\/01\/Ibrahim_Demirel_Degirmandere.png\" class=\"cbp-caption cbp-lightbox\" style=\"\"><div class=\"cbp-caption-defaultWrap\"><img decoding=\"async\" src=\"\/\/www.galerisanatyapim.com.tr\/wp-content\/uploads\/2024\/01\/Ibrahim_Demirel_Degirmandere.png\" alt=\"\"><\/div><div class=\"cbp-caption-activeWrap\"><div class=\"cbp-l-caption-alignCenter\"><div class=\"cbp-l-caption-body\"><div class=\"cbp-l-caption-title\">\u0130brahim Demirel<\/div><div class=\"cbp-l-caption-desc\">De\u011firmendere - 1998<\/div><\/div><\/div><\/div><\/a><\/div><div class=\"cbp-item logo\"><a href=\"\/\/www.galerisanatyapim.com.tr\/wp-content\/uploads\/2024\/01\/Ibrahim_Demirel_Portfolyo_4.png\" class=\"cbp-caption cbp-lightbox\" style=\"\"><div class=\"cbp-caption-defaultWrap\"><img decoding=\"async\" src=\"\/\/www.galerisanatyapim.com.tr\/wp-content\/uploads\/2024\/01\/Ibrahim_Demirel_Portfolyo_4.png\" alt=\"\"><\/div><div class=\"cbp-caption-activeWrap\"><div class=\"cbp-l-caption-alignCenter\"><div class=\"cbp-l-caption-body\"><div class=\"cbp-l-caption-title\">\u0130brahim Demirel<\/div><div class=\"cbp-l-caption-desc\">Portfolyo IV - 1995<\/div><\/div><\/div><\/div><\/a><\/div><div class=\"cbp-item logo\"><a href=\"\/\/www.galerisanatyapim.com.tr\/wp-content\/uploads\/2024\/01\/Ibrahim_Demirel_Portfolyo_3.png\" class=\"cbp-caption cbp-lightbox\" style=\"\"><div class=\"cbp-caption-defaultWrap\"><img decoding=\"async\" src=\"\/\/www.galerisanatyapim.com.tr\/wp-content\/uploads\/2024\/01\/Ibrahim_Demirel_Portfolyo_3.png\" alt=\"\"><\/div><div class=\"cbp-caption-activeWrap\"><div class=\"cbp-l-caption-alignCenter\"><div class=\"cbp-l-caption-body\"><div class=\"cbp-l-caption-title\">\u0130brahim Demirel<\/div><div class=\"cbp-l-caption-desc\">Portfolyo III - 1995<\/div><\/div><\/div><\/div><\/a><\/div><div class=\"cbp-item logo\"><a href=\"\/\/www.galerisanatyapim.com.tr\/wp-content\/uploads\/2024\/01\/Ibrahim_Demirel_Portfolyo_2.png\" class=\"cbp-caption cbp-lightbox\" style=\"\"><div class=\"cbp-caption-defaultWrap\"><img decoding=\"async\" src=\"\/\/www.galerisanatyapim.com.tr\/wp-content\/uploads\/2024\/01\/Ibrahim_Demirel_Portfolyo_2.png\" alt=\"\"><\/div><div class=\"cbp-caption-activeWrap\"><div class=\"cbp-l-caption-alignCenter\"><div class=\"cbp-l-caption-body\"><div class=\"cbp-l-caption-title\">\u0130brahim Demirel<\/div><div class=\"cbp-l-caption-desc\">Portfolyo II - 1995<\/div><\/div><\/div><\/div><\/a><\/div><div class=\"cbp-item logo\"><a href=\"\/\/www.galerisanatyapim.com.tr\/wp-content\/uploads\/2024\/01\/Ibrahim_Demirel_Portfolyo_1.png\" class=\"cbp-caption cbp-lightbox\" style=\"\"><div class=\"cbp-caption-defaultWrap\"><img decoding=\"async\" src=\"\/\/www.galerisanatyapim.com.tr\/wp-content\/uploads\/2024\/01\/Ibrahim_Demirel_Portfolyo_1.png\" alt=\"\"><\/div><div class=\"cbp-caption-activeWrap\"><div class=\"cbp-l-caption-alignCenter\"><div class=\"cbp-l-caption-body\"><div class=\"cbp-l-caption-title\">\u0130brahim Demirel<\/div><div class=\"cbp-l-caption-desc\">Portfolyo I - 1995<\/div><\/div><\/div><\/div><\/a><\/div><div class=\"cbp-item logo\"><a href=\"\/\/www.galerisanatyapim.com.tr\/wp-content\/uploads\/2024\/01\/Ibrahim_Demirel_Fotograf.png\" class=\"cbp-caption cbp-lightbox\" style=\"\"><div class=\"cbp-caption-defaultWrap\"><img decoding=\"async\" src=\"\/\/www.galerisanatyapim.com.tr\/wp-content\/uploads\/2024\/01\/Ibrahim_Demirel_Fotograf.png\" alt=\"\"><\/div><div class=\"cbp-caption-activeWrap\"><div class=\"cbp-l-caption-alignCenter\"><div class=\"cbp-l-caption-body\"><div class=\"cbp-l-caption-title\">\u0130brahim Demirel<\/div><div class=\"cbp-l-caption-desc\">Foto\u011fraf - 1980<\/div><\/div><\/div><\/div><\/a><\/div><div class=\"cbp-item logo\"><a href=\"\/\/www.galerisanatyapim.com.tr\/wp-content\/uploads\/2024\/01\/Ibrahim_Demirel_Yasam_Kavgasi.png\" class=\"cbp-caption cbp-lightbox\" style=\"\"><div class=\"cbp-caption-defaultWrap\"><img decoding=\"async\" src=\"\/\/www.galerisanatyapim.com.tr\/wp-content\/uploads\/2024\/01\/Ibrahim_Demirel_Yasam_Kavgasi.png\" alt=\"\"><\/div><div class=\"cbp-caption-activeWrap\"><div class=\"cbp-l-caption-alignCenter\"><div class=\"cbp-l-caption-body\"><div class=\"cbp-l-caption-title\">\u0130brahim Demirel<\/div><div class=\"cbp-l-caption-desc\">Ya\u015fam Kavgas\u0131 - 1979<\/div><\/div><\/div><\/div><\/a><\/div><\/div><\/div><\/div><script type=\"text\/javascript\">this.initCubePortfolio =  this.initCubePortfolio || []; this.initCubePortfolio.push({id: 59, options: {\"filters\":\"\",\"loadMore\":\"\",\"loadMoreAction\":\"click\",\"search\":\"\",\"layoutMode\":\"grid\",\"sortToPreventGaps\":true,\"drag\":true,\"auto\":false,\"autoTimeout\":5000,\"autoPauseOnHover\":true,\"showNavigation\":true,\"showPagination\":true,\"rewindNav\":true,\"scrollByPage\":false,\"defaultFilter\":\"*\",\"filterDeeplinking\":false,\"animationType\":\"fadeOut\",\"gridAdjustment\":\"responsive\",\"mediaQueries\":[{\"width\":1400,\"cols\":4},{\"width\":1170,\"cols\":4},{\"width\":1024,\"cols\":4},{\"width\":960,\"cols\":4},{\"width\":778,\"cols\":3},{\"width\":640,\"cols\":2},{\"width\":480,\"cols\":1}],\"gapHorizontal\":0,\"gapVertical\":0,\"caption\":\"zoom\",\"displayType\":\"fadeIn\",\"displayTypeSpeed\":400,\"lightboxDelegate\":\".cbp-lightbox\",\"lightboxGallery\":false,\"lightboxTitleSrc\":\"data-title\",\"lightboxCounter\":\"<div class=\\\"cbp-popup-lightbox-counter\\\">{{current}} of {{total}}<\/div>\",\"singlePageDelegate\":\".cbp-singlePage\",\"singlePageDeeplinking\":true,\"singlePageStickyNavigation\":true,\"singlePageCounter\":\"<div class=\\\"cbp-popup-singlePage-counter\\\">{{current}} of {{total}}<\/div>\",\"singlePageAnimation\":\"middle\",\"singlePageInlineDelegate\":\".cbp-singlePageInline\",\"singlePageInlineDeeplinking\":false,\"singlePageInlinePosition\":\"top\",\"singlePageInlineInFocus\":true,\"plugins\":{},\"cols\":3,\"coverRatio\":\"3:3\"}});<\/script>[\/vc_column][\/vc_row]<\/p>\n<\/section>","protected":false},"excerpt":{"rendered":"<p>[vc_row full_width=&#8221;stretch_row&#8221; css=&#8221;.vc_custom_1709544151718{background-color: #0c0c0c !important;}&#8221;][vc_column][vc_empty_space height=&#8221;150px&#8221;][vc_custom_heading text=&#8221;\u0130brahim Demirel&#8217;in Yay\u0131nlar\u0131&#8221; font_container=&#8221;tag:h2|text_align:center|color:__USE_THEME_MAIN_COLOR__&#8221; google_fonts=&#8221;font_family:Actor%3Aregular|font_style:400%20regular%3A400%3Anormal&#8221;][vc_empty_space height=&#8221;50px&#8221;][\/vc_column][\/vc_row]<\/p>\n","protected":false},"author":1,"featured_media":0,"parent":0,"menu_order":0,"comment_status":"closed","ping_status":"closed","template":"page.php","meta":{"footnotes":""},"class_list":["post-11694","page","type-page","status-publish","hentry"],"_links":{"self":[{"href":"https:\/\/www.galerisanatyapim.com.tr\/index.php?rest_route=\/wp\/v2\/pages\/11694","targetHints":{"allow":["GET"]}}],"collection":[{"href":"https:\/\/www.galerisanatyapim.com.tr\/index.php?rest_route=\/wp\/v2\/pages"}],"about":[{"href":"https:\/\/www.galerisanatyapim.com.tr\/index.php?rest_route=\/wp\/v2\/types\/page"}],"author":[{"embeddable":true,"href":"https:\/\/www.galerisanatyapim.com.tr\/index.php?rest_route=\/wp\/v2\/users\/1"}],"replies":[{"embeddable":true,"href":"https:\/\/www.galerisanatyapim.com.tr\/index.php?rest_route=%2Fwp%2Fv2%2Fcomments&post=11694"}],"version-history":[{"count":19,"href":"https:\/\/www.galerisanatyapim.com.tr\/index.php?rest_route=\/wp\/v2\/pages\/11694\/revisions"}],"predecessor-version":[{"id":13367,"href":"https:\/\/www.galerisanatyapim.com.tr\/index.php?rest_route=\/wp\/v2\/pages\/11694\/revisions\/13367"}],"wp:attachment":[{"href":"https:\/\/www.galerisanatyapim.com.tr\/index.php?rest_route=%2Fwp%2Fv2%2Fmedia&parent=11694"}],"curies":[{"name":"wp","href":"https:\/\/api.w.org\/{rel}","templated":true}]}}